{"id":75,"date":"2023-03-01T13:36:51","date_gmt":"2023-03-01T12:36:51","guid":{"rendered":"https:\/\/www.christianesteban.com\/?page_id=75"},"modified":"2025-07-10T20:42:49","modified_gmt":"2025-07-10T18:42:49","slug":"aviso-legal","status":"publish","type":"page","link":"https:\/\/www.christianesteban.com\/fr\/aviso-legal\/","title":{"rendered":"Mentions l\u00e9gales"},"content":{"rendered":"<h2>POSSESSION<\/h2>\n<p>Conform\u00e9ment aux obligations \u00e9tablies \u00e0 l&#039;article 10 de la loi 34\/2002 du 11 juillet sur les services de la soci\u00e9t\u00e9 de l&#039;information et du commerce \u00e9lectronique, il est pr\u00e9cis\u00e9 que cette page correspond \u00e0 l&#039;entit\u00e9 :<\/p>\n<p>Propri\u00e9taire : CRISTIAN ESTEBAN PEREZ \u2013 01180718J<br \/>\nAdresse : Ram\u00f3n P\u00e9rez de Ayala 128, 4A - 28038 Madrid<br \/>\nT\u00e9l\u00e9phone : 696 254 793<br \/>\nCourriel : christianesteban39@yahoo.es<br \/>\nSite Web : www.christianesteban.com<br \/>\n<\/p>\n<p>Pour toute question, veuillez contacter CRISTIAN ESTEBAN PEREZ \u00e0 christianesteban39@yahoo.es ou par t\u00e9l\u00e9phone au 696 254 793. Vous pouvez nous contacter de n&#039;importe quelle mani\u00e8re.<\/p>\n<h2>OBJECTIF ET PORT\u00c9E DU SITE WEB<\/h2>\n<p>Les pr\u00e9sentes Conditions G\u00e9n\u00e9rales de Contrat et d&#039;Utilisation ont pour objet de r\u00e9gir la mise \u00e0 disposition des informations sur le site web de CRISTIAN ESTEBAN PEREZ, ainsi que les transactions commerciales entre CRISTIAN ESTEBAN PEREZ et les utilisateurs du domaine www.christianesteban.com. La navigation sur le site web et l&#039;achat de l&#039;un des produits propos\u00e9s impliquent l&#039;acceptation sans r\u00e9serve de l&#039;utilisateur de l&#039;int\u00e9gralit\u00e9 des pr\u00e9sentes conditions g\u00e9n\u00e9rales de contrat et d&#039;utilisation. CRISTIAN ESTEBAN PEREZ se r\u00e9serve le droit d&#039;apporter au site web les modifications qu&#039;il juge n\u00e9cessaires \u00e0 son bon fonctionnement, sans pr\u00e9avis.<\/p>\n<h2>UTILISATEURS<\/h2>\n<p>L&#039;acc\u00e8s et\/ou l&#039;utilisation du portail CRISTIAN ESTEBAN PEREZ conf\u00e8re la qualit\u00e9 d&#039;UTILISATEUR, qui accepte, d\u00e8s cet acc\u00e8s et\/ou cette utilisation, les pr\u00e9sentes Conditions G\u00e9n\u00e9rales d&#039;Utilisation. L&#039;acc\u00e8s au site web est volontaire et rel\u00e8ve donc de la responsabilit\u00e9 de l&#039;utilisateur, qui sera tenu responsable de tout effet direct ou indirect d\u00e9coulant de son utilisation du site web, y compris, mais sans s&#039;y limiter, tout effet \u00e9conomique, technique et\/ou juridique n\u00e9gatif, ainsi que toute d\u00e9ception des attentes g\u00e9n\u00e9r\u00e9es par notre site web. L&#039;utilisateur s&#039;engage \u00e0 d\u00e9gager CRISTIAN ESTEBAN PEREZ de toute responsabilit\u00e9 d\u00e9coulant, directement ou indirectement, de tels \u00e9v\u00e9nements.<\/p>\n<h2>UTILISATION DU PORTAIL<\/h2>\n<p>www.christianesteban.com donne acc\u00e8s \u00e0 une multitude d&#039;informations, de services, de programmes ou de donn\u00e9es (ci-apr\u00e8s, \u00ab\u00a0les contenus\u00a0\u00bb) sur Internet appartenant \u00e0 CRISTIAN ESTEBAN PEREZ ou \u00e0 ses conc\u00e9dants de licence, auxquels l&#039;UTILISATEUR peut avoir acc\u00e8s. L&#039;UTILISATEUR assume la responsabilit\u00e9 de l&#039;utilisation du portail. Cette responsabilit\u00e9 s&#039;\u00e9tend \u00e0 l&#039;inscription \u00e9ventuellement n\u00e9cessaire pour acc\u00e9der \u00e0 certains services ou contenus. Lors de cette inscription, l&#039;UTILISATEUR s&#039;engage \u00e0 fournir des informations v\u00e9ridiques et licites. Suite \u00e0 cette inscription, l&#039;UTILISATEUR pourra se voir attribuer un mot de passe dont il sera responsable, s&#039;engageant \u00e0 l&#039;utiliser avec diligence et confidentialit\u00e9. L&#039;UTILISATEUR s&#039;engage \u00e0 faire un usage appropri\u00e9 des contenus et services (tels que les services de chat, les forums de discussion ou les groupes de discussion) que CRISTIAN ESTEBAN PEREZ peut proposer via son portail et, \u00e0 titre d&#039;exemple, mais sans s&#039;y limiter, \u00e0 ne pas les utiliser pour (i) se livrer \u00e0 des activit\u00e9s illicites, ill\u00e9gales ou contraires \u00e0 la bonne foi et \u00e0 l&#039;ordre public\u00a0; (ii) diffuser des contenus ou de la propagande \u00e0 caract\u00e8re raciste, x\u00e9nophobe, pornographique ill\u00e9gal, soutenant le terrorisme ou portant atteinte aux droits de l&#039;homme\u00a0; (iii) endommager les syst\u00e8mes physiques et logiques de CRISTIAN ESTEBAN PEREZ, de ses fournisseurs ou de tiers, introduire ou propager des virus informatiques ou tout autre syst\u00e8me physique ou logique susceptible de causer les dommages susmentionn\u00e9s\u00a0; (iv) tenter d&#039;acc\u00e9der et, le cas \u00e9ch\u00e9ant, d&#039;utiliser les comptes de messagerie d&#039;autres utilisateurs et de modifier ou manipuler leurs messages. CRISTIAN ESTEBAN PEREZ se r\u00e9serve le droit de supprimer tous les commentaires et contributions portant atteinte au respect de la dignit\u00e9 humaine, discriminatoires, x\u00e9nophobes, racistes, pornographiques, portant atteinte \u00e0 la jeunesse ou \u00e0 l&#039;enfance, \u00e0 l&#039;ordre public ou \u00e0 la s\u00e9curit\u00e9, ou qui, \u00e0 son avis, ne se pr\u00eatent pas \u00e0 la publication. En tout \u00e9tat de cause, CRISTIAN ESTEBAN PEREZ ne sera pas responsable des opinions exprim\u00e9es par les utilisateurs via les forums, chats ou autres outils de participation.<\/p>\n<h2>PROPRI\u00c9T\u00c9 INTELLECTUELLE ET INDUSTRIELLE<\/h2>\n<p>CRISTIAN ESTEBAN PEREZ, lui-m\u00eame ou en tant que cessionnaire, est titulaire de tous les droits de propri\u00e9t\u00e9 intellectuelle et industrielle de son site web, ainsi que des \u00e9l\u00e9ments qui y sont contenus (y compris, mais sans s&#039;y limiter, les images, le son, l&#039;audio, la vid\u00e9o, les logiciels ou les textes\u00a0; les marques ou logos, les combinaisons de couleurs, la structure et le design, le choix des mat\u00e9riaux utilis\u00e9s, les programmes informatiques n\u00e9cessaires \u00e0 son fonctionnement, son acc\u00e8s et son utilisation, etc.), appartenant \u00e0 CRISTIAN ESTEBAN PEREZ ou \u00e0 ses conc\u00e9dants. Tous droits r\u00e9serv\u00e9s. Conform\u00e9ment aux dispositions des articles 8 et 32.1, deuxi\u00e8me alin\u00e9a, de la Loi sur la Propri\u00e9t\u00e9 Intellectuelle, la reproduction, la distribution et la communication publique, y compris la mise \u00e0 disposition, de tout ou partie du contenu de ce site web, \u00e0 des fins commerciales, sur tout support et par tout moyen technique, sans l&#039;autorisation de CRISTIAN ESTEBAN PEREZ, sont express\u00e9ment interdites.<\/p>\n<p>L&#039;UTILISATEUR s&#039;engage \u00e0 respecter les droits de propri\u00e9t\u00e9 intellectuelle et industrielle d\u00e9tenus par CRISTIAN ESTEBAN PEREZ. Il peut consulter les \u00e9l\u00e9ments du portail, les imprimer, les copier et les stocker sur le disque dur de son ordinateur ou sur tout autre support physique, \u00e0 condition que ce soit uniquement pour son usage personnel et priv\u00e9. L&#039;UTILISATEUR s&#039;interdit de supprimer, alt\u00e9rer, contourner ou manipuler tout dispositif de protection ou syst\u00e8me de s\u00e9curit\u00e9 install\u00e9 sur les pages de CRISTIAN ESTEBAN PEREZ.<\/p>\n<p>Par cons\u00e9quent, l&#039;utilisation du site Web de CRISTIAN ESTEBAN PEREZ \u00e0 des fins publiques ou commerciales est interdite, et le contenu du site Web ne peut \u00eatre exploit\u00e9, reproduit, distribu\u00e9, modifi\u00e9, communiqu\u00e9 publiquement, transf\u00e9r\u00e9, transform\u00e9 ou utilis\u00e9.<\/p>\n<p>L&#039;insertion d&#039;hyperliens \u00e0 des fins commerciales sur des sites web autres que celui de CRISTIAN ESTEBAN PEREZ permettant l&#039;acc\u00e8s \u00e0 notre site web est express\u00e9ment interdite sans autorisation pr\u00e9alable. En tout \u00e9tat de cause, l&#039;existence d&#039;hyperliens sur des sites web autres que le n\u00f4tre n&#039;implique pas l&#039;existence d&#039;une relation commerciale ou professionnelle avec le propri\u00e9taire du site web o\u00f9 ils sont cr\u00e9\u00e9s, ni l&#039;acceptation par CRISTIAN ESTEBAN PEREZ de leurs contenus ou services.<\/p>\n<h2>ADRESSES IP<\/h2>\n<p>Les serveurs du site web d\u00e9tectent automatiquement l&#039;adresse IP et le nom de domaine utilis\u00e9s par l&#039;utilisateur. Une adresse IP est un num\u00e9ro automatiquement attribu\u00e9 \u00e0 un ordinateur lors de sa connexion \u00e0 Internet. Toutes ces informations sont enregistr\u00e9es dans un fichier d&#039;activit\u00e9 du serveur d\u00fbment enregistr\u00e9, ce qui permet un traitement ult\u00e9rieur des donn\u00e9es \u00e0 des fins purement statistiques permettant de d\u00e9terminer le nombre d&#039;impressions de pages, le nombre de visites sur les services web, l&#039;ordre des visites, le point d&#039;acc\u00e8s, etc.<\/p>\n<h2>EXCLUSION DE GARANTIES ET DE RESPONSABILIT\u00c9<\/h2>\n<p>CRISTIAN ESTEBAN PEREZ d\u00e9cline toute responsabilit\u00e9 quant aux dommages pouvant r\u00e9sulter d&#039;interf\u00e9rences, d&#039;omissions, d&#039;interruptions, de virus informatiques, de pannes et\/ou de d\u00e9connexions dans le fonctionnement de ce syst\u00e8me \u00e9lectronique ou des \u00e9quipements et appareils informatiques des utilisateurs, caus\u00e9s par des causes ind\u00e9pendantes de sa volont\u00e9 et emp\u00eachant ou retardant la fourniture des services ou la navigation sur le site web. CRISTIAN ESTEBAN PEREZ d\u00e9cline \u00e9galement toute responsabilit\u00e9 quant aux retards ou blocages d&#039;utilisation caus\u00e9s par des d\u00e9faillances ou des surcharges d&#039;Internet ou d&#039;autres syst\u00e8mes \u00e9lectroniques, ou encore quant \u00e0 l&#039;impossibilit\u00e9 de fournir le service ou d&#039;y acc\u00e9der pour des raisons ind\u00e9pendantes de sa volont\u00e9, du fait de l&#039;utilisateur, de tiers ou de cas de force majeure. CRISTIAN ESTEBAN PEREZ ne contr\u00f4le pas l&#039;utilisation du site web par les utilisateurs. En particulier, CRISTIAN ESTEBAN PEREZ d\u00e9cline toute responsabilit\u00e9 quant \u00e0 l&#039;utilisation du site web par les utilisateurs conform\u00e9ment \u00e0 la loi, aux pr\u00e9sentes Conditions G\u00e9n\u00e9rales, aux bonnes m\u0153urs et \u00e0 l&#039;ordre public, ni quant \u00e0 la diligence et \u00e0 la prudence dont ils font preuve.<\/p>\n<p>Les produits pr\u00e9sent\u00e9s sur le site web sont conformes \u00e0 la l\u00e9gislation espagnole. CRISTIAN ESTEBAN PEREZ d\u00e9cline toute responsabilit\u00e9 en cas de non-conformit\u00e9 des produits \u00e0 la l\u00e9gislation du pays de destination de la commande. Par cons\u00e9quent, il incombe aux clients r\u00e9sidant hors d&#039;Espagne de v\u00e9rifier la faisabilit\u00e9 de l&#039;importation ou de l&#039;utilisation des produits command\u00e9s.<\/p>\n<h2>MODIFICATIONS<\/h2>\n<p>CRISTIAN ESTEBAN PEREZ se r\u00e9serve le droit d&#039;apporter \u00e0 son portail les modifications qu&#039;il juge appropri\u00e9es sans pr\u00e9avis. Il peut modifier, supprimer ou ajouter des contenus et services fournis sur le portail, ainsi que leur pr\u00e9sentation ou leur emplacement.<\/p>\n<h2>LINKS<\/h2>\n<p>Si www.christianesteban.com contient des liens ou des hyperliens vers d&#039;autres sites web, CRISTIAN ESTEBAN PEREZ n&#039;exerce aucun contr\u00f4le sur ces sites et leur contenu. CRISTIAN ESTEBAN PEREZ n&#039;assume en aucun cas la responsabilit\u00e9 du contenu de tout lien appartenant \u00e0 un site web tiers, ni ne garantit la disponibilit\u00e9 technique, la qualit\u00e9, la fiabilit\u00e9, l&#039;exactitude, l&#039;exhaustivit\u00e9, la v\u00e9racit\u00e9, la validit\u00e9 ou la constitutionnalit\u00e9 de tout mat\u00e9riel ou information contenu dans ces liens ou autres sites web. De m\u00eame, l&#039;inclusion de ces liens externes n&#039;implique aucune association, fusion ou participation avec les entit\u00e9s connect\u00e9es.<\/p>\n<h2>DROIT D&#039;EXCLUSION<\/h2>\n<p>CRISTIAN ESTEBAN PEREZ se r\u00e9serve le droit de refuser ou de retirer l&#039;acc\u00e8s au portail et\/ou aux services offerts sans pr\u00e9avis, \u00e0 sa propre demande ou \u00e0 celle d&#039;un tiers, aux utilisateurs qui ne respectent pas les pr\u00e9sentes Conditions G\u00e9n\u00e9rales d&#039;Utilisation.<\/p>\n<h2>G\u00c9N\u00c9RALIT\u00c9S<\/h2>\n<p>CRISTIAN ESTEBAN PEREZ poursuivra tout manquement aux pr\u00e9sentes conditions g\u00e9n\u00e9rales, ainsi que toute utilisation abusive de son site Web, en exer\u00e7ant toutes les actions civiles et p\u00e9nales qui pourraient lui \u00eatre accessibles en vertu de la loi.<\/p>\n<h2>MODIFICATION DE CES CONDITIONS ET DUR\u00c9E<\/h2>\n<p>CRISTIAN ESTEBAN PEREZ se r\u00e9serve le droit de modifier les pr\u00e9sentes conditions \u00e0 tout moment. Ces modifications seront publi\u00e9es d\u00e8s leur publication. La validit\u00e9 des pr\u00e9sentes conditions d\u00e9pend de leur publication et demeurera en vigueur jusqu&#039;\u00e0 leur modification par d&#039;autres conditions publi\u00e9es.<span class=\"Apple-converted-space\">\u00a0<\/span><\/p>\n<h2>S\u00c9CURIT\u00c9<\/h2>\n<p>Le site web utilise des techniques de s\u00e9curit\u00e9 informatique reconnues par l&#039;industrie, telles que des pare-feu, des proc\u00e9dures de contr\u00f4le d&#039;acc\u00e8s et des m\u00e9canismes cryptographiques, afin d&#039;emp\u00eacher tout acc\u00e8s non autoris\u00e9 aux donn\u00e9es. \u00c0 cette fin, l&#039;utilisateur\/client accepte que le fournisseur puisse obtenir des donn\u00e9es \u00e0 des fins d&#039;authentification pour les contr\u00f4les d&#039;acc\u00e8s.<\/p>\n<p>Tout processus d&#039;embauche ou processus impliquant la saisie de donn\u00e9es personnelles hautement sensibles (sant\u00e9, id\u00e9ologie, etc.) sera toujours transmis \u00e0 l&#039;aide d&#039;un protocole de communication s\u00e9curis\u00e9 (https:\/\/), afin qu&#039;aucun tiers n&#039;ait acc\u00e8s aux informations transmises par voie \u00e9lectronique.<\/p>\n<h2>L\u00c9GISLATION ET JURIDICTION APPLICABLES<\/h2>\n<p>La relation entre CRISTIAN ESTEBAN PEREZ et l&#039;UTILISATEUR sera r\u00e9gie par la l\u00e9gislation espagnole en vigueur, et tout litige sera soumis aux tribunaux comp\u00e9tents.<\/p>","protected":false},"excerpt":{"rendered":"<p>TITULARIDAD En cumplimiento de las obligaciones establecidas en el art\u00edculo 10 de la Ley 34\/2002, de 11 de julio, de Servicios de la Sociedad de la Informaci\u00f3n y Comercio Electr\u00f3nico, se hace constar que esta p\u00e1gina corresponde a la entidad: Titular: &#8211;\u00a0 Domicilio: Tfno: Mail: Web: Para cualquier consulta, puede contactar con en \u00a0o en [&hellip;]<\/p>\n","protected":false},"author":1,"featured_media":0,"parent":0,"menu_order":5,"comment_status":"closed","ping_status":"closed","template":"","meta":{"_joinchat":[],"footnotes":""},"class_list":["post-75","page","type-page","status-publish","hentry"],"yoast_head":"<!-- This site is optimized with the Yoast SEO plugin v27.4 - https:\/\/yoast.com\/product\/yoast-seo-wordpress\/ -->\n<title>Aviso legal - Art\u00edculos Esteban<\/title>\n<meta name=\"description\" content=\"Aviso legal de Art\u00edculos Esteban\" \/>\n<meta name=\"robots\" content=\"index, follow, max-snippet:-1, max-image-preview:large, max-video-preview:-1\" \/>\n<link rel=\"canonical\" href=\"https:\/\/www.christianesteban.com\/fr\/aviso-legal\/\" \/>\n<meta property=\"og:locale\" content=\"fr_FR\" \/>\n<meta property=\"og:type\" content=\"article\" \/>\n<meta property=\"og:title\" content=\"Aviso legal - Art\u00edculos Esteban\" \/>\n<meta property=\"og:description\" content=\"Aviso legal de Art\u00edculos Esteban\" \/>\n<meta property=\"og:url\" content=\"https:\/\/www.christianesteban.com\/fr\/aviso-legal\/\" \/>\n<meta property=\"og:site_name\" content=\"Art\u00edculos Esteban\" \/>\n<meta property=\"article:modified_time\" content=\"2025-07-10T18:42:49+00:00\" \/>\n<meta name=\"twitter:card\" content=\"summary_large_image\" \/>\n<script type=\"application\/ld+json\" class=\"yoast-schema-graph\">{\"@context\":\"https:\\\/\\\/schema.org\",\"@graph\":[{\"@type\":\"WebPage\",\"@id\":\"https:\\\/\\\/www.christianesteban.com\\\/aviso-legal\\\/\",\"url\":\"https:\\\/\\\/www.christianesteban.com\\\/aviso-legal\\\/\",\"name\":\"Aviso legal - Art\u00edculos Esteban\",\"isPartOf\":{\"@id\":\"https:\\\/\\\/www.christianesteban.com\\\/#website\"},\"datePublished\":\"2023-03-01T12:36:51+00:00\",\"dateModified\":\"2025-07-10T18:42:49+00:00\",\"description\":\"Aviso legal de Art\u00edculos Esteban\",\"breadcrumb\":{\"@id\":\"https:\\\/\\\/www.christianesteban.com\\\/aviso-legal\\\/#breadcrumb\"},\"inLanguage\":\"fr-FR\",\"potentialAction\":[{\"@type\":\"ReadAction\",\"target\":[\"https:\\\/\\\/www.christianesteban.com\\\/aviso-legal\\\/\"]}]},{\"@type\":\"BreadcrumbList\",\"@id\":\"https:\\\/\\\/www.christianesteban.com\\\/aviso-legal\\\/#breadcrumb\",\"itemListElement\":[{\"@type\":\"ListItem\",\"position\":1,\"name\":\"Inicio\",\"item\":\"https:\\\/\\\/www.christianesteban.com\\\/\"},{\"@type\":\"ListItem\",\"position\":2,\"name\":\"Aviso legal\"}]},{\"@type\":\"WebSite\",\"@id\":\"https:\\\/\\\/www.christianesteban.com\\\/#website\",\"url\":\"https:\\\/\\\/www.christianesteban.com\\\/\",\"name\":\"Articulos Esteban\",\"description\":\"Venta de productos en general\",\"publisher\":{\"@id\":\"https:\\\/\\\/www.christianesteban.com\\\/#organization\"},\"potentialAction\":[{\"@type\":\"SearchAction\",\"target\":{\"@type\":\"EntryPoint\",\"urlTemplate\":\"https:\\\/\\\/www.christianesteban.com\\\/?s={search_term_string}\"},\"query-input\":{\"@type\":\"PropertyValueSpecification\",\"valueRequired\":true,\"valueName\":\"search_term_string\"}}],\"inLanguage\":\"fr-FR\"},{\"@type\":\"Organization\",\"@id\":\"https:\\\/\\\/www.christianesteban.com\\\/#organization\",\"name\":\"Articulos Esteban\",\"url\":\"https:\\\/\\\/www.christianesteban.com\\\/\",\"logo\":{\"@type\":\"ImageObject\",\"inLanguage\":\"fr-FR\",\"@id\":\"https:\\\/\\\/www.christianesteban.com\\\/#\\\/schema\\\/logo\\\/image\\\/\",\"url\":\"https:\\\/\\\/www.christianesteban.com\\\/wp-content\\\/uploads\\\/2025\\\/07\\\/logo.png\",\"contentUrl\":\"https:\\\/\\\/www.christianesteban.com\\\/wp-content\\\/uploads\\\/2025\\\/07\\\/logo.png\",\"width\":1007,\"height\":703,\"caption\":\"Articulos Esteban\"},\"image\":{\"@id\":\"https:\\\/\\\/www.christianesteban.com\\\/#\\\/schema\\\/logo\\\/image\\\/\"}}]}<\/script>\n<!-- \/ Yoast SEO plugin. -->","yoast_head_json":{"title":"Mentions l\u00e9gales - Articles Esteban","description":"Mentions l\u00e9gales d&#039;Esteban Articles","robots":{"index":"index","follow":"follow","max-snippet":"max-snippet:-1","max-image-preview":"max-image-preview:large","max-video-preview":"max-video-preview:-1"},"canonical":"https:\/\/www.christianesteban.com\/fr\/aviso-legal\/","og_locale":"fr_FR","og_type":"article","og_title":"Aviso legal - Art\u00edculos Esteban","og_description":"Aviso legal de Art\u00edculos Esteban","og_url":"https:\/\/www.christianesteban.com\/fr\/aviso-legal\/","og_site_name":"Art\u00edculos Esteban","article_modified_time":"2025-07-10T18:42:49+00:00","twitter_card":"summary_large_image","schema":{"@context":"https:\/\/schema.org","@graph":[{"@type":"WebPage","@id":"https:\/\/www.christianesteban.com\/aviso-legal\/","url":"https:\/\/www.christianesteban.com\/aviso-legal\/","name":"Mentions l\u00e9gales - Articles Esteban","isPartOf":{"@id":"https:\/\/www.christianesteban.com\/#website"},"datePublished":"2023-03-01T12:36:51+00:00","dateModified":"2025-07-10T18:42:49+00:00","description":"Mentions l\u00e9gales d&#039;Esteban Articles","breadcrumb":{"@id":"https:\/\/www.christianesteban.com\/aviso-legal\/#breadcrumb"},"inLanguage":"fr-FR","potentialAction":[{"@type":"ReadAction","target":["https:\/\/www.christianesteban.com\/aviso-legal\/"]}]},{"@type":"BreadcrumbList","@id":"https:\/\/www.christianesteban.com\/aviso-legal\/#breadcrumb","itemListElement":[{"@type":"ListItem","position":1,"name":"Inicio","item":"https:\/\/www.christianesteban.com\/"},{"@type":"ListItem","position":2,"name":"Aviso legal"}]},{"@type":"WebSite","@id":"https:\/\/www.christianesteban.com\/#website","url":"https:\/\/www.christianesteban.com\/","name":"Articles Esteban","description":"Vente de produits en g\u00e9n\u00e9ral","publisher":{"@id":"https:\/\/www.christianesteban.com\/#organization"},"potentialAction":[{"@type":"SearchAction","target":{"@type":"EntryPoint","urlTemplate":"https:\/\/www.christianesteban.com\/?s={search_term_string}"},"query-input":{"@type":"PropertyValueSpecification","valueRequired":true,"valueName":"search_term_string"}}],"inLanguage":"fr-FR"},{"@type":"Organization","@id":"https:\/\/www.christianesteban.com\/#organization","name":"Articles Esteban","url":"https:\/\/www.christianesteban.com\/","logo":{"@type":"ImageObject","inLanguage":"fr-FR","@id":"https:\/\/www.christianesteban.com\/#\/schema\/logo\/image\/","url":"https:\/\/www.christianesteban.com\/wp-content\/uploads\/2025\/07\/logo.png","contentUrl":"https:\/\/www.christianesteban.com\/wp-content\/uploads\/2025\/07\/logo.png","width":1007,"height":703,"caption":"Articulos Esteban"},"image":{"@id":"https:\/\/www.christianesteban.com\/#\/schema\/logo\/image\/"}}]}},"_links":{"self":[{"href":"https:\/\/www.christianesteban.com\/fr\/wp-json\/wp\/v2\/pages\/75","targetHints":{"allow":["GET"]}}],"collection":[{"href":"https:\/\/www.christianesteban.com\/fr\/wp-json\/wp\/v2\/pages"}],"about":[{"href":"https:\/\/www.christianesteban.com\/fr\/wp-json\/wp\/v2\/types\/page"}],"author":[{"embeddable":true,"href":"https:\/\/www.christianesteban.com\/fr\/wp-json\/wp\/v2\/users\/1"}],"replies":[{"embeddable":true,"href":"https:\/\/www.christianesteban.com\/fr\/wp-json\/wp\/v2\/comments?post=75"}],"version-history":[{"count":1,"href":"https:\/\/www.christianesteban.com\/fr\/wp-json\/wp\/v2\/pages\/75\/revisions"}],"predecessor-version":[{"id":397,"href":"https:\/\/www.christianesteban.com\/fr\/wp-json\/wp\/v2\/pages\/75\/revisions\/397"}],"wp:attachment":[{"href":"https:\/\/www.christianesteban.com\/fr\/wp-json\/wp\/v2\/media?parent=75"}],"curies":[{"name":"wp","href":"https:\/\/api.w.org\/{rel}","templated":true}]}}