{"id":88,"date":"2023-03-01T14:03:52","date_gmt":"2023-03-01T13:03:52","guid":{"rendered":"https:\/\/www.christianesteban.com\/?page_id=88"},"modified":"2025-07-10T20:42:49","modified_gmt":"2025-07-10T18:42:49","slug":"politica-de-cookies","status":"publish","type":"page","link":"https:\/\/www.christianesteban.com\/fr\/politica-de-cookies\/","title":{"rendered":"Politique relative aux cookies"},"content":{"rendered":"<p>Ce site web utilise des cookies. Voici une explication de ce que sont les cookies et de la mani\u00e8re dont nous les utilisons sur notre site web. Vous pouvez modifier vos pr\u00e9f\u00e9rences en mati\u00e8re de cookies \u00e0 tout moment\u00a0:<\/p>\n<p style=\"text-align: center;\"><a href=\"#\" class=\"_brlbs-btn-cookie-preference borlabs-cookie-preference\">Pr\u00e9f\u00e9rences en mati\u00e8re de cookies<\/a><\/p>\n<hr \/>\n<p>Conform\u00e9ment \u00e0 la loi 34\/2002 du 11 juillet sur les services de la soci\u00e9t\u00e9 de l&#039;information et du commerce \u00e9lectronique, nous vous informons que ce site Web, comme la plupart des sites Web sur Internet, utilise des cookies pour am\u00e9liorer et optimiser l&#039;exp\u00e9rience utilisateur.<\/p>\n<p>Vous trouverez ci-dessous des informations d\u00e9taill\u00e9es sur ce que sont les cookies, les types utilis\u00e9s par ce site Web, comment modifier vos param\u00e8tres de cookies et ce qui se passe si vous d\u00e9sactivez les cookies.<\/p>\n<h2>Que sont les cookies ?<\/h2>\n<p>Un cookie est un petit fichier qui est t\u00e9l\u00e9charg\u00e9 sur l&#039;ordinateur de l&#039;utilisateur pour stocker des donn\u00e9es, qui peuvent ensuite \u00eatre mises \u00e0 jour et r\u00e9cup\u00e9r\u00e9es par l&#039;entit\u00e9 responsable de son installation.<\/p>\n<h2>Quel type de cookies ce site Web utilise-t-il ?<\/h2>\n<p>Vous trouverez ci-dessous un tableau pr\u00e9sentant les cookies utilis\u00e9s sur ce site web. Vous trouverez des informations sur les transferts vers des pays tiers, le cas \u00e9ch\u00e9ant, effectu\u00e9s par les tiers identifi\u00e9s dans la pr\u00e9sente politique de cookies dans leurs politiques respectives.<\/p>\n<div class=\"BorlabsCookie\"><h3 class=\"_brlbs _brlbs-cg-essential\">Essentiel<\/h3><p class=\"_brlbs _brlbs-cg-essential\">Les cookies essentiels permettent des fonctions de base et sont n\u00e9cessaires au bon fonctionnement du site Web.<\/p><h4 class=\"_brlbs _brlbs-c-borlabs-cookie\">Biscuit Borlabs<\/h4><div class=\"_brlbs-responsive-table\"><table class=\"_brlbs _brlbs-c-borlabs-cookie\"><tr><th scope=\"row\">Nom<\/th><td>Biscuit Borlabs<\/td><\/tr><tr><th scope=\"row\">Fournisseur<\/th><td>Propri\u00e9taire de ce site Web<span>, <\/span><a href=\"https:\/\/www.christianesteban.com\/fr\/aviso-legal\/\">Mentions l\u00e9gales<\/a><\/td><\/tr><tr><th scope=\"row\">But<\/th><td>Enregistre les pr\u00e9f\u00e9rences des visiteurs s\u00e9lectionn\u00e9es dans la bo\u00eete \u00e0 cookies Borlabs.<\/td><\/tr><tr><th scope=\"row\">Nom du cookie<\/th><td>borlabs-cookie<\/td><\/tr><tr><th scope=\"row\">Expiration des cookies<\/th><td>1 an<\/td><\/tr><\/table><\/div><h3 class=\"_brlbs _brlbs-cg-statistics\">Statistiques<\/h3><p class=\"_brlbs _brlbs-cg-statistics\">Les cookies statistiques collectent des informations de mani\u00e8re anonyme. Ces informations nous aident \u00e0 comprendre comment nos visiteurs utilisent notre site web.<\/p><h3 class=\"_brlbs _brlbs-cg-external-media\">M\u00e9dias externes<\/h3><p class=\"_brlbs _brlbs-cg-external-media\">Le contenu des plateformes vid\u00e9o et des r\u00e9seaux sociaux est bloqu\u00e9 par d\u00e9faut. Si les cookies de m\u00e9dias externes sont accept\u00e9s, l&#039;acc\u00e8s \u00e0 ces contenus ne n\u00e9cessite plus de consentement manuel.<\/p><h4 class=\"_brlbs _brlbs-c-googlemaps\">Google Maps<\/h4><div class=\"_brlbs-responsive-table\"><table class=\"_brlbs _brlbs-c-googlemaps\"><tr><th scope=\"row\">Nom<\/th><td>Google Maps<\/td><\/tr><tr><th scope=\"row\">Fournisseur<\/th><td>Google Ireland Limited, Gordon House, Barrow Street, Dublin 4, Irlande<\/td><\/tr><tr><th scope=\"row\">But<\/th><td>Utilis\u00e9 pour d\u00e9bloquer le contenu de Google Maps.<\/td><\/tr><tr><th scope=\"row\">politique de confidentialit\u00e9<\/th><td><a href=\"https:\/\/policies.google.com\/privacy?hl=enl=en\" target=\"_blank\" rel=\"nofollow noopener noreferrer\">https:\/\/policies.google.com\/privacy?hl=enl=en<\/a><\/td><\/tr><tr><th scope=\"row\">H\u00f4te(s)<\/th><td>.google.com<\/td><\/tr><tr><th scope=\"row\">Nom du cookie<\/th><td>NID<\/td><\/tr><tr><th scope=\"row\">Expiration des cookies<\/th><td>6 mois<\/td><\/tr><\/table><\/div><h4 class=\"_brlbs _brlbs-c-instagram\">Instagram<\/h4><div class=\"_brlbs-responsive-table\"><table class=\"_brlbs _brlbs-c-instagram\"><tr><th scope=\"row\">Nom<\/th><td>Instagram<\/td><\/tr><tr><th scope=\"row\">Fournisseur<\/th><td>Meta Platforms Ireland Limited, 4 Grand Canal Square, Dublin 2, Irlande<\/td><\/tr><tr><th scope=\"row\">But<\/th><td>Utilis\u00e9 pour d\u00e9bloquer le contenu Instagram.<\/td><\/tr><tr><th scope=\"row\">politique de confidentialit\u00e9<\/th><td><a href=\"https:\/\/www.instagram.com\/legal\/privacy\/\" target=\"_blank\" rel=\"nofollow noopener noreferrer\">https:\/\/www.instagram.com\/legal\/privacy\/<\/a><\/td><\/tr><tr><th scope=\"row\">H\u00f4te(s)<\/th><td>.instagram.com<\/td><\/tr><tr><th scope=\"row\">Nom du cookie<\/th><td>pigeon_state<\/td><\/tr><tr><th scope=\"row\">Expiration des cookies<\/th><td>Session<\/td><\/tr><\/table><\/div><\/div>\n<h2>Comment pouvez-vous configurer vos Cookies ?<\/h2>\n<p>En naviguant sur notre site web, vous consentez \u00e0 l&#039;utilisation de cookies selon les conditions \u00e9nonc\u00e9es dans la pr\u00e9sente Politique relative aux cookies. En tant qu&#039;utilisateur, vous avez le droit de bloquer, supprimer et refuser l&#039;utilisation des cookies \u00e0 tout moment en modifiant les options de votre navigateur.<\/p>\n<p>Par exemple:<\/p>\n<ol>\n<li>Internet Explorer\u00a0: Outils &gt; Options Internet &gt; Confidentialit\u00e9 &gt; Param\u00e8tres. Pour plus d&#039;informations, consultez le support Microsoft ou l&#039;aide de votre navigateur.<\/li>\n<li>Mozilla Firefox\u00a0: Outils &gt; Options &gt; Confidentialit\u00e9 &gt; Historique &gt; Param\u00e8tres personnalis\u00e9s. Pour plus d&#039;informations, veuillez consulter l&#039;assistance Mozilla ou l&#039;aide du navigateur.<\/li>\n<li>Google Chrome\u00a0: Param\u00e8tres &gt; Afficher les param\u00e8tres avanc\u00e9s &gt; Confidentialit\u00e9 &gt; Param\u00e8tres de contenu. Pour plus d&#039;informations, consultez l&#039;assistance Google ou l&#039;aide de votre navigateur.<\/li>\n<li>Safari\u00a0: Pr\u00e9f\u00e9rences &gt; S\u00e9curit\u00e9. Pour plus d&#039;informations, consultez l&#039;assistance Apple ou l&#039;aide du navigateur.<\/li>\n<li>Opera : Param\u00e8tres &gt; Options &gt; Avanc\u00e9 &gt; Cookies Pour plus d&#039;informations, vous pouvez consulter le support Opera ou l&#039;Aide de votre navigateur.<\/li>\n<\/ol>\n<p>Si vous utilisez un navigateur autre que ceux mentionn\u00e9s ci-dessus, veuillez consulter sa politique d&#039;installation, d&#039;utilisation et de blocage des cookies.<\/p>\n<h2>Votre historique de consentement<\/h2>\n<div class=\"BorlabsCookie\" data-borlabs-cookie-consent-history><div class=\"_brlbs-responsive-table\"><table class=\"_brlbs-table\"><thead><tr><th class=\"_brlbs-table-date\" scope=\"col\">Date<\/th><th class=\"_brlbs-table-version\" scope=\"col\">Version<\/th><th class=\"_brlbs-table-consents\" scope=\"col\">Consentements<\/th><\/tr><\/thead><\/table><\/div><\/div>\n<h2>Que se passe-t-il si les cookies sont d\u00e9sactiv\u00e9s ?<\/h2>\n<p>Certaines fonctionnalit\u00e9s des Services ou zones de ce site Web peuvent ne pas fonctionner correctement.<\/p>\n<h2>Devrions-nous mettre \u00e0 jour notre politique en mati\u00e8re de cookies ?<\/h2>\n<p>Nous pouvons mettre \u00e0 jour la politique relative aux cookies de notre site Web. Nos avocats vous invitent donc \u00e0 consulter cette politique chaque fois que vous acc\u00e9dez \u00e0 notre site Web, afin que vous soyez pleinement inform\u00e9 de la mani\u00e8re dont nous utilisons les cookies et des raisons pour lesquelles nous les utilisons.<\/p>","protected":false},"excerpt":{"rendered":"<p>Esta web utiliza cookies. Aqu\u00ed te explicamos qu\u00e9 son las cookies y c\u00f3mo las usamos en nuestra web. Puedes cambiar tus preferencias de cookies en cualquier momento: En cumplimiento de la Ley 34\/2002, de 11 de julio, de Servicios de la Sociedad de la Informaci\u00f3n y Comercio Electr\u00f3nico, te informamos de que este sitio web, [&hellip;]<\/p>\n","protected":false},"author":1,"featured_media":0,"parent":0,"menu_order":7,"comment_status":"closed","ping_status":"closed","template":"","meta":{"_joinchat":[],"footnotes":""},"class_list":["post-88","page","type-page","status-publish","hentry"],"yoast_head":"<!-- This site is optimized with the Yoast SEO plugin v27.4 - https:\/\/yoast.com\/product\/yoast-seo-wordpress\/ -->\n<title>Pol\u00edtica de cookies - Art\u00edculos Esteban<\/title>\n<meta name=\"description\" content=\"Pol\u00edtica de cookies de Art\u00edculos Esteban\" \/>\n<meta name=\"robots\" content=\"index, follow, max-snippet:-1, max-image-preview:large, max-video-preview:-1\" \/>\n<link rel=\"canonical\" href=\"https:\/\/www.christianesteban.com\/fr\/politica-de-cookies\/\" \/>\n<meta property=\"og:locale\" content=\"fr_FR\" \/>\n<meta property=\"og:type\" content=\"article\" \/>\n<meta property=\"og:title\" content=\"Pol\u00edtica de cookies - Art\u00edculos Esteban\" \/>\n<meta property=\"og:description\" content=\"Pol\u00edtica de cookies de Art\u00edculos Esteban\" \/>\n<meta property=\"og:url\" content=\"https:\/\/www.christianesteban.com\/fr\/politica-de-cookies\/\" \/>\n<meta property=\"og:site_name\" content=\"Art\u00edculos Esteban\" \/>\n<meta property=\"article:modified_time\" content=\"2025-07-10T18:42:49+00:00\" \/>\n<meta name=\"twitter:card\" content=\"summary_large_image\" \/>\n<script type=\"application\/ld+json\" class=\"yoast-schema-graph\">{\"@context\":\"https:\\\/\\\/schema.org\",\"@graph\":[{\"@type\":\"WebPage\",\"@id\":\"https:\\\/\\\/www.christianesteban.com\\\/politica-de-cookies\\\/\",\"url\":\"https:\\\/\\\/www.christianesteban.com\\\/politica-de-cookies\\\/\",\"name\":\"Pol\u00edtica de cookies - Art\u00edculos Esteban\",\"isPartOf\":{\"@id\":\"https:\\\/\\\/www.christianesteban.com\\\/#website\"},\"datePublished\":\"2023-03-01T13:03:52+00:00\",\"dateModified\":\"2025-07-10T18:42:49+00:00\",\"description\":\"Pol\u00edtica de cookies de Art\u00edculos Esteban\",\"breadcrumb\":{\"@id\":\"https:\\\/\\\/www.christianesteban.com\\\/politica-de-cookies\\\/#breadcrumb\"},\"inLanguage\":\"fr-FR\",\"potentialAction\":[{\"@type\":\"ReadAction\",\"target\":[\"https:\\\/\\\/www.christianesteban.com\\\/politica-de-cookies\\\/\"]}]},{\"@type\":\"BreadcrumbList\",\"@id\":\"https:\\\/\\\/www.christianesteban.com\\\/politica-de-cookies\\\/#breadcrumb\",\"itemListElement\":[{\"@type\":\"ListItem\",\"position\":1,\"name\":\"Inicio\",\"item\":\"https:\\\/\\\/www.christianesteban.com\\\/\"},{\"@type\":\"ListItem\",\"position\":2,\"name\":\"Pol\u00edtica de cookies\"}]},{\"@type\":\"WebSite\",\"@id\":\"https:\\\/\\\/www.christianesteban.com\\\/#website\",\"url\":\"https:\\\/\\\/www.christianesteban.com\\\/\",\"name\":\"Articulos Esteban\",\"description\":\"Venta de productos en general\",\"publisher\":{\"@id\":\"https:\\\/\\\/www.christianesteban.com\\\/#organization\"},\"potentialAction\":[{\"@type\":\"SearchAction\",\"target\":{\"@type\":\"EntryPoint\",\"urlTemplate\":\"https:\\\/\\\/www.christianesteban.com\\\/?s={search_term_string}\"},\"query-input\":{\"@type\":\"PropertyValueSpecification\",\"valueRequired\":true,\"valueName\":\"search_term_string\"}}],\"inLanguage\":\"fr-FR\"},{\"@type\":\"Organization\",\"@id\":\"https:\\\/\\\/www.christianesteban.com\\\/#organization\",\"name\":\"Articulos Esteban\",\"url\":\"https:\\\/\\\/www.christianesteban.com\\\/\",\"logo\":{\"@type\":\"ImageObject\",\"inLanguage\":\"fr-FR\",\"@id\":\"https:\\\/\\\/www.christianesteban.com\\\/#\\\/schema\\\/logo\\\/image\\\/\",\"url\":\"https:\\\/\\\/www.christianesteban.com\\\/wp-content\\\/uploads\\\/2025\\\/07\\\/logo.png\",\"contentUrl\":\"https:\\\/\\\/www.christianesteban.com\\\/wp-content\\\/uploads\\\/2025\\\/07\\\/logo.png\",\"width\":1007,\"height\":703,\"caption\":\"Articulos Esteban\"},\"image\":{\"@id\":\"https:\\\/\\\/www.christianesteban.com\\\/#\\\/schema\\\/logo\\\/image\\\/\"}}]}<\/script>\n<!-- \/ Yoast SEO plugin. -->","yoast_head_json":{"title":"Politique relative aux cookies - Articles Esteban","description":"Politique relative aux cookies pour les articles d&#039;Esteban","robots":{"index":"index","follow":"follow","max-snippet":"max-snippet:-1","max-image-preview":"max-image-preview:large","max-video-preview":"max-video-preview:-1"},"canonical":"https:\/\/www.christianesteban.com\/fr\/politica-de-cookies\/","og_locale":"fr_FR","og_type":"article","og_title":"Pol\u00edtica de cookies - Art\u00edculos Esteban","og_description":"Pol\u00edtica de cookies de Art\u00edculos Esteban","og_url":"https:\/\/www.christianesteban.com\/fr\/politica-de-cookies\/","og_site_name":"Art\u00edculos Esteban","article_modified_time":"2025-07-10T18:42:49+00:00","twitter_card":"summary_large_image","schema":{"@context":"https:\/\/schema.org","@graph":[{"@type":"WebPage","@id":"https:\/\/www.christianesteban.com\/politica-de-cookies\/","url":"https:\/\/www.christianesteban.com\/politica-de-cookies\/","name":"Politique relative aux cookies - Articles Esteban","isPartOf":{"@id":"https:\/\/www.christianesteban.com\/#website"},"datePublished":"2023-03-01T13:03:52+00:00","dateModified":"2025-07-10T18:42:49+00:00","description":"Politique relative aux cookies pour les articles d&#039;Esteban","breadcrumb":{"@id":"https:\/\/www.christianesteban.com\/politica-de-cookies\/#breadcrumb"},"inLanguage":"fr-FR","potentialAction":[{"@type":"ReadAction","target":["https:\/\/www.christianesteban.com\/politica-de-cookies\/"]}]},{"@type":"BreadcrumbList","@id":"https:\/\/www.christianesteban.com\/politica-de-cookies\/#breadcrumb","itemListElement":[{"@type":"ListItem","position":1,"name":"Inicio","item":"https:\/\/www.christianesteban.com\/"},{"@type":"ListItem","position":2,"name":"Pol\u00edtica de cookies"}]},{"@type":"WebSite","@id":"https:\/\/www.christianesteban.com\/#website","url":"https:\/\/www.christianesteban.com\/","name":"Articles Esteban","description":"Vente de produits en g\u00e9n\u00e9ral","publisher":{"@id":"https:\/\/www.christianesteban.com\/#organization"},"potentialAction":[{"@type":"SearchAction","target":{"@type":"EntryPoint","urlTemplate":"https:\/\/www.christianesteban.com\/?s={search_term_string}"},"query-input":{"@type":"PropertyValueSpecification","valueRequired":true,"valueName":"search_term_string"}}],"inLanguage":"fr-FR"},{"@type":"Organization","@id":"https:\/\/www.christianesteban.com\/#organization","name":"Articles Esteban","url":"https:\/\/www.christianesteban.com\/","logo":{"@type":"ImageObject","inLanguage":"fr-FR","@id":"https:\/\/www.christianesteban.com\/#\/schema\/logo\/image\/","url":"https:\/\/www.christianesteban.com\/wp-content\/uploads\/2025\/07\/logo.png","contentUrl":"https:\/\/www.christianesteban.com\/wp-content\/uploads\/2025\/07\/logo.png","width":1007,"height":703,"caption":"Articulos Esteban"},"image":{"@id":"https:\/\/www.christianesteban.com\/#\/schema\/logo\/image\/"}}]}},"_links":{"self":[{"href":"https:\/\/www.christianesteban.com\/fr\/wp-json\/wp\/v2\/pages\/88","targetHints":{"allow":["GET"]}}],"collection":[{"href":"https:\/\/www.christianesteban.com\/fr\/wp-json\/wp\/v2\/pages"}],"about":[{"href":"https:\/\/www.christianesteban.com\/fr\/wp-json\/wp\/v2\/types\/page"}],"author":[{"embeddable":true,"href":"https:\/\/www.christianesteban.com\/fr\/wp-json\/wp\/v2\/users\/1"}],"replies":[{"embeddable":true,"href":"https:\/\/www.christianesteban.com\/fr\/wp-json\/wp\/v2\/comments?post=88"}],"version-history":[{"count":1,"href":"https:\/\/www.christianesteban.com\/fr\/wp-json\/wp\/v2\/pages\/88\/revisions"}],"predecessor-version":[{"id":396,"href":"https:\/\/www.christianesteban.com\/fr\/wp-json\/wp\/v2\/pages\/88\/revisions\/396"}],"wp:attachment":[{"href":"https:\/\/www.christianesteban.com\/fr\/wp-json\/wp\/v2\/media?parent=88"}],"curies":[{"name":"wp","href":"https:\/\/api.w.org\/{rel}","templated":true}]}}